{"id":9921,"date":"2026-04-24T21:52:51","date_gmt":"2026-04-24T21:52:51","guid":{"rendered":"https:\/\/gastro-oprema.si\/product\/refrigerator-1300-l-2-door-gn-2-1-monoblock-1480-x-830-mm\/"},"modified":"2026-05-05T14:53:45","modified_gmt":"2026-05-05T12:53:45","slug":"refrigerator-1300-l-2-door-gn-2-1-monoblock-1480-x-830-mm","status":"publish","type":"product","link":"https:\/\/gastro-oprema.si\/sl\/izdelek\/refrigerator-1300-l-2-door-gn-2-1-monoblock-1480-x-830-mm\/","title":{"rendered":"Hladilnik 1300 L \/ 2-vratni GN 2\/1 \u2013 Monoblok, 1480 x 830 mm"},"content":{"rendered":"<h3>Oblikovanje<\/h3>\n<ul>\n<li><strong>2 vrata iz nerjave\u010dega jekla <\/strong><\/li>\n<li><strong>za GN 2\/1 posode, mre\u017ee itd. <\/strong><\/li>\n<li><strong>Temperaturno obmo\u010dje: -2 do +8\u00b0C <\/strong><\/li>\n<li><strong>digitalni termostat Carel <\/strong><\/li>\n<li><strong>Monoblok hladilni sistem <\/strong>\n<ul>\n<li><strong>zmanj\u0161uje trud in \u010das za vzdr\u017eevalna dela <\/strong><\/li>\n<\/ul>\n<\/li>\n<li>hlajenje s prisilnim zrakom<\/li>\n<li>uparjalnik s premazom za za\u0161\u010dito pred korozijo iz epoksija<\/li>\n<li>samozapiralna vrata<\/li>\n<li>vklju\u010dno z zaklepanjem vrat<\/li>\n<li>notranjost in zunanjost iz nerjave\u010dega jekla<\/li>\n<li>enostavno \u010distljive vti\u010dne tesnila<\/li>\n<li>vi\u0161insko nastavljive noge<\/li>\n<li>zaobljeni notranji vogali za enostavno \u010di\u0161\u010denje<\/li>\n<\/ul>\n<h3>Obseg dobave<\/h3>\n<ul>\n<li>6x GN 2\/1 mre\u017ee s premazom Rilsan<\/li>\n<\/ul>\n<h3>Podatki o zmogljivosti hlajenja<\/h3>\n<ul>\n<li>Temperaturno obmo\u010dje: -2 do +8\u00b0C<\/li>\n<li>maks. temperatura okolice: +30\u00b0C<\/li>\n<li>Hladilno sredstvo: R290<\/li>\n<li>Poliuretanska izolacija: 50 mm<\/li>\n<li>Klimatski razred: 4<\/li>\n<li>Bruto prostornina: 1300 litrov<\/li>\n<\/ul>","protected":false},"excerpt":{"rendered":"<ul>\n<li><strong>2 vrata iz nerjave\u010dega jekla<\/strong><\/li>\n<li><strong>1300 litrov<\/strong><\/li>\n<li><strong>Temperaturno obmo\u010dje: -2 do +8\u00b0C<\/strong><\/li>\n<li><strong>Monoblok hladilni sistem<\/strong><\/li>\n<li>za GN 2\/1 posode, mre\u017ee itd.<\/li>\n<li>digitalni termostat Carel<\/li>\n<li>Dimenzije izdelka (\u0160xGxV): 1480x830x2010 mm<\/li>\n<\/ul>","protected":false},"featured_media":9923,"template":"","meta":[],"product_brand":[],"product_cat":[97,108],"product_tag":[],"class_list":{"0":"post-9921","1":"product","2":"type-product","3":"status-publish","4":"has-post-thumbnail","6":"product_cat-refrigeration","7":"product_cat-refrigerator-cabinets","9":"first","10":"onbackorder","11":"taxable","12":"shipping-taxable","13":"purchasable","14":"product-type-simple"},"_links":{"self":[{"href":"https:\/\/gastro-oprema.si\/sl\/wp-json\/wp\/v2\/product\/9921","targetHints":{"allow":["GET"]}}],"collection":[{"href":"https:\/\/gastro-oprema.si\/sl\/wp-json\/wp\/v2\/product"}],"about":[{"href":"https:\/\/gastro-oprema.si\/sl\/wp-json\/wp\/v2\/types\/product"}],"version-history":[{"count":1,"href":"https:\/\/gastro-oprema.si\/sl\/wp-json\/wp\/v2\/product\/9921\/revisions"}],"predecessor-version":[{"id":9922,"href":"https:\/\/gastro-oprema.si\/sl\/wp-json\/wp\/v2\/product\/9921\/revisions\/9922"}],"wp:featuredmedia":[{"embeddable":true,"href":"https:\/\/gastro-oprema.si\/sl\/wp-json\/wp\/v2\/media\/9923"}],"wp:attachment":[{"href":"https:\/\/gastro-oprema.si\/sl\/wp-json\/wp\/v2\/media?parent=9921"}],"wp:term":[{"taxonomy":"product_brand","embeddable":true,"href":"https:\/\/gastro-oprema.si\/sl\/wp-json\/wp\/v2\/product_brand?post=9921"},{"taxonomy":"product_cat","embeddable":true,"href":"https:\/\/gastro-oprema.si\/sl\/wp-json\/wp\/v2\/product_cat?post=9921"},{"taxonomy":"product_tag","embeddable":true,"href":"https:\/\/gastro-oprema.si\/sl\/wp-json\/wp\/v2\/product_tag?post=9921"}],"curies":[{"name":"wp","href":"https:\/\/api.w.org\/{rel}","templated":true}]}}