{"id":16420,"date":"2026-04-24T23:18:10","date_gmt":"2026-04-24T23:18:10","guid":{"rendered":"https:\/\/gastro-oprema.si\/product\/beer-cooler-128-litres-for-max-50-litre-keg-incl-tap-540-x-670-mm\/"},"modified":"2026-05-04T20:58:57","modified_gmt":"2026-05-04T18:58:57","slug":"beer-cooler-128-litres-for-max-50-litre-keg-incl-tap-540-x-670-mm","status":"publish","type":"product","link":"https:\/\/gastro-oprema.si\/sl\/izdelek\/beer-cooler-128-litres-for-max-50-litre-keg-incl-tap-540-x-670-mm\/","title":{"rendered":"Hladilnik za pivo 128 litrov za max. 50-litrski sod\u010dek vklj. pipo, 540 x 670 mm"},"content":{"rendered":"<h3>Oblikovanje<\/h3>\n<ul>\n<li><strong>primerno za sod\u010dke do 50 litrov<\/strong><\/li>\n<li>vrata iz nerjave\u010dega jekla<\/li>\n<li>odcejalna posoda s perforiranim pokrovom<\/li>\n<li>stati\u010dno hlajenje<\/li>\n<li>udobna delovna vi\u0161ina: 815 mm<\/li>\n<li>mobilno na kolesih<\/li>\n<li>enostavno \u010di\u0161\u010denje<\/li>\n<\/ul>\n<h3>Obseg dobave<\/h3>\n<ul>\n<li>pipa<\/li>\n<li>regulator CO2<\/li>\n<li>priklju\u010dek za sod\u010dek<\/li>\n<li>cev za pivo<\/li>\n<\/ul>\n<h3>Podatki o hladilni zmogljivosti<\/h3>\n<ul>\n<li>temperaturno obmo\u010dje: +0 do +10\u00b0C<\/li>\n<li>maks. temperatura okolice: +38\u00b0C<\/li>\n<li>hladilna zmogljivost: 95 vatov<\/li>\n<\/ul>\n<p><em><strong>Pozor: CO2 jeklenka in to\u010dilna glava (KEG priklju\u010dek) nista vklju\u010dena v obseg dobave!<\/strong><\/em><\/p>","protected":false},"excerpt":{"rendered":"<ul>\n<li><strong>Primerno za sod\u010dke do 50 litrov<\/strong><\/li>\n<li>vrata iz nerjave\u010dega jekla<\/li>\n<li>stati\u010dno hlajenje<\/li>\n<li>mobilno na kolesih<\/li>\n<\/ul>","protected":false},"featured_media":16422,"template":"","meta":[],"product_brand":[],"product_cat":[102,97],"product_tag":[],"class_list":{"0":"post-16420","1":"product","2":"type-product","3":"status-publish","4":"has-post-thumbnail","6":"product_cat-beverage","7":"product_cat-refrigeration","9":"first","10":"instock","11":"taxable","12":"shipping-taxable","13":"purchasable","14":"product-type-simple"},"_links":{"self":[{"href":"https:\/\/gastro-oprema.si\/sl\/wp-json\/wp\/v2\/product\/16420","targetHints":{"allow":["GET"]}}],"collection":[{"href":"https:\/\/gastro-oprema.si\/sl\/wp-json\/wp\/v2\/product"}],"about":[{"href":"https:\/\/gastro-oprema.si\/sl\/wp-json\/wp\/v2\/types\/product"}],"version-history":[{"count":1,"href":"https:\/\/gastro-oprema.si\/sl\/wp-json\/wp\/v2\/product\/16420\/revisions"}],"predecessor-version":[{"id":16421,"href":"https:\/\/gastro-oprema.si\/sl\/wp-json\/wp\/v2\/product\/16420\/revisions\/16421"}],"wp:featuredmedia":[{"embeddable":true,"href":"https:\/\/gastro-oprema.si\/sl\/wp-json\/wp\/v2\/media\/16422"}],"wp:attachment":[{"href":"https:\/\/gastro-oprema.si\/sl\/wp-json\/wp\/v2\/media?parent=16420"}],"wp:term":[{"taxonomy":"product_brand","embeddable":true,"href":"https:\/\/gastro-oprema.si\/sl\/wp-json\/wp\/v2\/product_brand?post=16420"},{"taxonomy":"product_cat","embeddable":true,"href":"https:\/\/gastro-oprema.si\/sl\/wp-json\/wp\/v2\/product_cat?post=16420"},{"taxonomy":"product_tag","embeddable":true,"href":"https:\/\/gastro-oprema.si\/sl\/wp-json\/wp\/v2\/product_tag?post=16420"}],"curies":[{"name":"wp","href":"https:\/\/api.w.org\/{rel}","templated":true}]}}