{"id":16377,"date":"2026-04-24T23:17:49","date_gmt":"2026-04-24T23:17:49","guid":{"rendered":"https:\/\/gastro-oprema.si\/product\/easyline-beverage-refrigerator-1360-litres-with-illuminated-top-white\/"},"modified":"2026-05-05T15:00:07","modified_gmt":"2026-05-05T13:00:07","slug":"easyline-beverage-refrigerator-1360-litres-with-illuminated-top-white","status":"publish","type":"product","link":"https:\/\/gastro-oprema.si\/sl\/izdelek\/easyline-beverage-refrigerator-1360-litres-with-illuminated-top-white\/","title":{"rendered":"EASYLINE hladilnik za pija\u010de 1360 litrov z osvetljenim vrhom \u201cbela\u201d"},"content":{"rendered":"<h3>Tip modela<\/h3>\n<ul>\n<li>3 steklena vrata z osvetljenim vrhom<\/li>\n<li>Temperaturno obmo\u010dje: 0\u00b0C do +7\u00b0C<\/li>\n<li>digitalni termostat<\/li>\n<li><strong>z LED notranjo osvetlitvijo<\/strong><\/li>\n<li>izdelano iz pra\u0161no lakiranega jekla na zunanji strani (bela)<\/li>\n<li>notranjost iz PCM jekla (bela)<\/li>\n<li><strong>samozapiralna vrata z dvojnim steklom<\/strong><\/li>\n<li><strong>zaklenljivo<\/strong><\/li>\n<li>okvir vrat iz aluminijeve zlitine<\/li>\n<li>z 8 kolesci (2 zaklenljivi)<\/li>\n<li><strong>samodejna funkcija odmrzovanja<\/strong><\/li>\n<li>s sistemom ventilatorskega uparjalnika<\/li>\n<li>55 mm debela izolacija<\/li>\n<li>enostavno \u010distljive vti\u010dne tesnila<\/li>\n<li>Notranji vogali zaobljeni za enostavno \u010di\u0161\u010denje<\/li>\n<\/ul>\n<h3>Vklju\u010deno v obseg dobave<\/h3>\n<ul>\n<li>12x rilsanizirane mre\u017ee (nastavljive po vi\u0161ini): \u0160xG 540 x 500 mm<\/li>\n<li>maks. obremenitev na mre\u017eo: 15 kg<\/li>\n<\/ul>","protected":false},"excerpt":{"rendered":"<ul>\n<li><strong>3 steklena vrata<\/strong><\/li>\n<li><strong>Temperaturno obmo\u010dje: 0\u00b0C do +7\u00b0C<\/strong><\/li>\n<li><strong>z osvetljenim vrhom (LED)<\/strong><\/li>\n<li>z LED notranjo osvetlitvijo<\/li>\n<li>digitalni termostat<\/li>\n<li>Dimenzije izdelka (\u0160xGxV): 1640x742x2180 mm<\/li>\n<\/ul>","protected":false},"featured_media":0,"template":"","meta":[],"product_brand":[],"product_cat":[102,97],"product_tag":[],"class_list":{"0":"post-16377","1":"product","2":"type-product","3":"status-publish","5":"product_cat-beverage","6":"product_cat-refrigeration","8":"first","9":"instock","10":"taxable","11":"shipping-taxable","12":"purchasable","13":"product-type-simple"},"_links":{"self":[{"href":"https:\/\/gastro-oprema.si\/sl\/wp-json\/wp\/v2\/product\/16377","targetHints":{"allow":["GET"]}}],"collection":[{"href":"https:\/\/gastro-oprema.si\/sl\/wp-json\/wp\/v2\/product"}],"about":[{"href":"https:\/\/gastro-oprema.si\/sl\/wp-json\/wp\/v2\/types\/product"}],"version-history":[{"count":1,"href":"https:\/\/gastro-oprema.si\/sl\/wp-json\/wp\/v2\/product\/16377\/revisions"}],"predecessor-version":[{"id":16378,"href":"https:\/\/gastro-oprema.si\/sl\/wp-json\/wp\/v2\/product\/16377\/revisions\/16378"}],"wp:attachment":[{"href":"https:\/\/gastro-oprema.si\/sl\/wp-json\/wp\/v2\/media?parent=16377"}],"wp:term":[{"taxonomy":"product_brand","embeddable":true,"href":"https:\/\/gastro-oprema.si\/sl\/wp-json\/wp\/v2\/product_brand?post=16377"},{"taxonomy":"product_cat","embeddable":true,"href":"https:\/\/gastro-oprema.si\/sl\/wp-json\/wp\/v2\/product_cat?post=16377"},{"taxonomy":"product_tag","embeddable":true,"href":"https:\/\/gastro-oprema.si\/sl\/wp-json\/wp\/v2\/product_tag?post=16377"}],"curies":[{"name":"wp","href":"https:\/\/api.w.org\/{rel}","templated":true}]}}