{"id":15309,"date":"2026-04-24T23:02:15","date_gmt":"2026-04-24T23:02:15","guid":{"rendered":"https:\/\/gastro-oprema.si\/product\/topline-preparation-counter-3-section-with-doors-stainless-steel-top-gn-1-4-1795-x-700-mm\/"},"modified":"2026-05-10T15:28:07","modified_gmt":"2026-05-10T13:28:07","slug":"topline-preparation-counter-3-section-with-doors-stainless-steel-top-gn-1-4-1795-x-700-mm","status":"publish","type":"product","link":"https:\/\/gastro-oprema.si\/sl\/izdelek\/topline-preparation-counter-3-section-with-doors-stainless-steel-top-gn-1-4-1795-x-700-mm\/","title":{"rendered":"TOPLINE pripravljalni pult \/ 3-delni z vrati, nerjave\u010de jeklo, GN 1\/4, 1795 x 700 mm"},"content":{"rendered":"<p>Hladilne enote serije TOPLINE predstavljajo izjemno kakovost izdelkov. Izdelane v Evropi, navdu\u0161ujejo s prvovrstno kakovostjo, izjemno vzdr\u017eljivostjo, edinstveno funkcionalnostjo in modernim dizajnom. Digitalni termostat Dixell zagotavlja optimalno delovanje in nadzor hladilne enote, kar pomaga varovati okolje in zmanj\u0161ati porabo energije.<\/p>\n<p>Poleg tega so enote opremljene z zaobljenimi vogali, ki omogo\u010dajo enostavno \u010di\u0161\u010denje. Predali so primerni za GN 1\/1 posode.<\/p>\n<h3>Oblikovanje<\/h3>\n<ul>\n<li>3 vrata<\/li>\n<li>temperaturno obmo\u010dje: +0 do +8\u00b0C<\/li>\n<li>hladilni predel primeren za GN 1\/1 posode, mre\u017ee itd.<\/li>\n<li><strong>digitalni termostat Dixell z alarmno funkcijo in samodejno diagnozo napak<\/strong><\/li>\n<li>integrirana kvadratna nerjave\u010da jeklena plo\u0161\u010da z 2 zlo\u017eljivima pokrovoma<\/li>\n<li><strong>hladilna plo\u0161\u010da primerna za 10x GN1\/4-150 posod<\/strong><\/li>\n<li>samodejna za\u0161\u010dita pred pregrevanjem<\/li>\n<li>energijsko var\u010dno hlajenje s prisilnim zrakom<\/li>\n<li>samodejna funkcija odmrzovanja<\/li>\n<li>samodejno zapirajo\u010da se, magnetno zatesnjena vrata<\/li>\n<li>idealna delovna vi\u0161ina 850 mm<\/li>\n<li><strong>ohi\u0161je, noge in notranjost iz visokokakovostnega nerjave\u010dega jekla AISI 304<\/strong><\/li>\n<li>zaobljeni notranji vogali za la\u017eje \u010di\u0161\u010denje in bolj\u0161o higieno<\/li>\n<li>po vi\u0161ini nastavljive noge (135 \u2013 210 mm)<\/li>\n<\/ul>\n<h3>Obseg dobave<\/h3>\n<ul>\n<li>1x rilsan prevle\u010dena GN 1\/1 mre\u017ea na vrata<\/li>\n<\/ul>\n<h3>Podatki o zmogljivosti hlajenja<\/h3>\n<ul>\n<li>temperaturno obmo\u010dje: +0 do +8\u00b0C<\/li>\n<li>maks. temperatura okolice: +32\u00b0C<\/li>\n<li>Hladilno sredstvo: R290<\/li>\n<li>visoko gostotna poliuretanska izolacija: (40 kg\/m\u00b3)<\/li>\n<li>bruto prostornina: 399 litrov<\/li>\n<\/ul>","protected":false},"excerpt":{"rendered":"<ul>\n<li><strong>3 vrata in kvadratna nerjave\u010da jeklena plo\u0161\u010da z 2 zlo\u017eljivima pokrovoma<\/strong><\/li>\n<li><strong>Temperaturno obmo\u010dje: +0 do +8\u00b0C<\/strong><\/li>\n<li><strong>hladilna plo\u0161\u010da primerna za 10x GN1\/4-150 posod<\/strong><\/li>\n<li>energijsko var\u010dno hlajenje s prisilnim zrakom<\/li>\n<li>dimenzije izdelka (\u0160xGxV): 1795x700x1053 mm<\/li>\n<\/ul>","protected":false},"featured_media":15311,"template":"","meta":[],"product_brand":[],"product_cat":[101,97],"product_tag":[],"class_list":{"0":"post-15309","1":"product","2":"type-product","3":"status-publish","4":"has-post-thumbnail","6":"product_cat-prep-counters","7":"product_cat-refrigeration","9":"first","10":"instock","11":"sale","12":"taxable","13":"shipping-taxable","14":"purchasable","15":"product-type-simple"},"_links":{"self":[{"href":"https:\/\/gastro-oprema.si\/sl\/wp-json\/wp\/v2\/product\/15309","targetHints":{"allow":["GET"]}}],"collection":[{"href":"https:\/\/gastro-oprema.si\/sl\/wp-json\/wp\/v2\/product"}],"about":[{"href":"https:\/\/gastro-oprema.si\/sl\/wp-json\/wp\/v2\/types\/product"}],"version-history":[{"count":1,"href":"https:\/\/gastro-oprema.si\/sl\/wp-json\/wp\/v2\/product\/15309\/revisions"}],"predecessor-version":[{"id":15310,"href":"https:\/\/gastro-oprema.si\/sl\/wp-json\/wp\/v2\/product\/15309\/revisions\/15310"}],"wp:featuredmedia":[{"embeddable":true,"href":"https:\/\/gastro-oprema.si\/sl\/wp-json\/wp\/v2\/media\/15311"}],"wp:attachment":[{"href":"https:\/\/gastro-oprema.si\/sl\/wp-json\/wp\/v2\/media?parent=15309"}],"wp:term":[{"taxonomy":"product_brand","embeddable":true,"href":"https:\/\/gastro-oprema.si\/sl\/wp-json\/wp\/v2\/product_brand?post=15309"},{"taxonomy":"product_cat","embeddable":true,"href":"https:\/\/gastro-oprema.si\/sl\/wp-json\/wp\/v2\/product_cat?post=15309"},{"taxonomy":"product_tag","embeddable":true,"href":"https:\/\/gastro-oprema.si\/sl\/wp-json\/wp\/v2\/product_tag?post=15309"}],"curies":[{"name":"wp","href":"https:\/\/api.w.org\/{rel}","templated":true}]}}