{"id":14986,"date":"2026-04-24T22:57:30","date_gmt":"2026-04-24T22:57:30","guid":{"rendered":"https:\/\/gastro-oprema.si\/product\/topline-electric-pizza-oven-66-x-34-cm-deep-version-1100-x-1185-mm\/"},"modified":"2026-05-05T14:59:12","modified_gmt":"2026-05-05T12:59:12","slug":"topline-electric-pizza-oven-66-x-34-cm-deep-version-1100-x-1185-mm","status":"publish","type":"product","link":"https:\/\/gastro-oprema.si\/sl\/izdelek\/topline-electric-pizza-oven-66-x-34-cm-deep-version-1100-x-1185-mm\/","title":{"rendered":"Elektri\u010dna pe\u010dica za pico TOPLINE 6+6 x 34 cm (globoka razli\u010dica), 1100 x 1185 mm"},"content":{"rendered":"<h3>Oblikovanje<\/h3>\n<ul>\n<li>Ohi\u0161je iz visokokakovostnega nerjave\u010dega jekla<\/li>\n<li>Temperaturno obmo\u010dje: do 450\u00b0C<\/li>\n<li>2 pe\u010dni komori<\/li>\n<li><strong>Dimenzije pe\u010dne komore (\u0160xGxV): 700 x 1050 x 140 mm<\/strong><\/li>\n<li><strong>za 6+6 x 34 cm pice<\/strong><\/li>\n<li>Osnova opremljena z ognjevarnim \u0161amotnim kamnom<\/li>\n<li><strong>Zgornjo in spodnjo toploto je mogo\u010de nastaviti lo\u010deno<\/strong><\/li>\n<li><strong>Vrata z izjemno velikim preglednim oknom<\/strong><\/li>\n<li><strong>opremljena z ro\u010daji, odpornimi na toploto<\/strong><\/li>\n<li><strong>Notranja osvetlitev<\/strong><\/li>\n<li><strong>nizka poraba energije<\/strong><\/li>\n<li><strong>Integriran ro\u010dni odpira\u010d dimnika<\/strong><\/li>\n<li>robustna konstrukcija<\/li>\n<li>enostavno upravljanje<\/li>\n<\/ul>\n<p><strong>Opomba: <\/strong>Osnovni okvir ni vklju\u010den v dostavo. Osnovni okvir in kolesca so na voljo lo\u010deno kot dodatki.<\/p>","protected":false},"excerpt":{"rendered":"<ul>\n<li><strong>Temperaturno obmo\u010dje: do 450\u00b0C<\/strong><\/li>\n<li><strong>2 pe\u010dni komori: 700 x 1050 mm<\/strong><\/li>\n<li><strong>za 6+6 x 34 cm pice<\/strong><\/li>\n<li><strong>osnova opremljena z ognjevarnim \u0161amotnim kamnom<\/strong><\/li>\n<li>Dimenzije izdelka (\u0160xGxV): 1100 x 1185 x 705 mm<\/li>\n<\/ul>","protected":false},"featured_media":14988,"template":"","meta":[],"product_brand":[],"product_cat":[133,135],"product_tag":[],"class_list":{"0":"post-14986","1":"product","2":"type-product","3":"status-publish","4":"has-post-thumbnail","6":"product_cat-pizza-grill","7":"product_cat-pizza-ovens","8":"pa_number-of-baking-chambers-257","10":"first","11":"onbackorder","12":"taxable","13":"shipping-taxable","14":"purchasable","15":"product-type-simple"},"_links":{"self":[{"href":"https:\/\/gastro-oprema.si\/sl\/wp-json\/wp\/v2\/product\/14986","targetHints":{"allow":["GET"]}}],"collection":[{"href":"https:\/\/gastro-oprema.si\/sl\/wp-json\/wp\/v2\/product"}],"about":[{"href":"https:\/\/gastro-oprema.si\/sl\/wp-json\/wp\/v2\/types\/product"}],"version-history":[{"count":1,"href":"https:\/\/gastro-oprema.si\/sl\/wp-json\/wp\/v2\/product\/14986\/revisions"}],"predecessor-version":[{"id":14987,"href":"https:\/\/gastro-oprema.si\/sl\/wp-json\/wp\/v2\/product\/14986\/revisions\/14987"}],"wp:featuredmedia":[{"embeddable":true,"href":"https:\/\/gastro-oprema.si\/sl\/wp-json\/wp\/v2\/media\/14988"}],"wp:attachment":[{"href":"https:\/\/gastro-oprema.si\/sl\/wp-json\/wp\/v2\/media?parent=14986"}],"wp:term":[{"taxonomy":"product_brand","embeddable":true,"href":"https:\/\/gastro-oprema.si\/sl\/wp-json\/wp\/v2\/product_brand?post=14986"},{"taxonomy":"product_cat","embeddable":true,"href":"https:\/\/gastro-oprema.si\/sl\/wp-json\/wp\/v2\/product_cat?post=14986"},{"taxonomy":"product_tag","embeddable":true,"href":"https:\/\/gastro-oprema.si\/sl\/wp-json\/wp\/v2\/product_tag?post=14986"}],"curies":[{"name":"wp","href":"https:\/\/api.w.org\/{rel}","templated":true}]}}