{"id":14405,"date":"2026-04-24T22:50:35","date_gmt":"2026-04-24T22:50:35","guid":{"rendered":"https:\/\/gastro-oprema.si\/product\/electric-griddle-smooth-grill-surface-730-x-510-mm\/"},"modified":"2026-05-05T14:58:50","modified_gmt":"2026-05-05T12:58:50","slug":"electric-griddle-smooth-grill-surface-730-x-510-mm","status":"publish","type":"product","link":"https:\/\/gastro-oprema.si\/sl\/izdelek\/electric-griddle-smooth-grill-surface-730-x-510-mm\/","title":{"rendered":"Elektri\u010dna plo\u0161\u010da za pe\u010denje, gladka povr\u0161ina za \u017ear, 730 x 510 mm"},"content":{"rendered":"<h3>Oblikovanje<\/h3>\n<ul>\n<li>Ohi\u0161je iz visokokakovostnega nerjave\u010dega jekla<\/li>\n<li>Temperature range: up to 300\u00b0C<\/li>\n<li>Grill surface: smooth \/ material thickness: 8 mm<\/li>\n<li><strong>3-sided splash guard<\/strong><\/li>\n<li><strong>with operation indicator light<\/strong><\/li>\n<li>kompaktno in prostorsko var\u010dno<\/li>\n<li>enostavno za \u010di\u0161\u010denje<\/li>\n<\/ul>\n<h3>Note: Commissioning of this device must be carried out by a certified specialist company!<\/h3>","protected":false},"excerpt":{"rendered":"<ul>\n<li>Ohi\u0161je iz visokokakovostnega nerjave\u010dega jekla<\/li>\n<li><strong>Temperature range: up to 300\u00b0C<\/strong><\/li>\n<li><strong>Grill surface: smooth \/ material thickness: 8 mm<\/strong><\/li>\n<li>Product dimensions (W x D x H): 730 x 510 x 230 mm<\/li>\n<\/ul>","protected":false},"featured_media":14407,"template":"","meta":[],"product_brand":[],"product_cat":[136,133],"product_tag":[],"class_list":{"0":"post-14405","1":"product","2":"type-product","3":"status-publish","4":"has-post-thumbnail","6":"product_cat-grills","7":"product_cat-pizza-grill","9":"first","10":"onbackorder","11":"taxable","12":"shipping-taxable","13":"purchasable","14":"product-type-simple"},"_links":{"self":[{"href":"https:\/\/gastro-oprema.si\/sl\/wp-json\/wp\/v2\/product\/14405","targetHints":{"allow":["GET"]}}],"collection":[{"href":"https:\/\/gastro-oprema.si\/sl\/wp-json\/wp\/v2\/product"}],"about":[{"href":"https:\/\/gastro-oprema.si\/sl\/wp-json\/wp\/v2\/types\/product"}],"version-history":[{"count":1,"href":"https:\/\/gastro-oprema.si\/sl\/wp-json\/wp\/v2\/product\/14405\/revisions"}],"predecessor-version":[{"id":14406,"href":"https:\/\/gastro-oprema.si\/sl\/wp-json\/wp\/v2\/product\/14405\/revisions\/14406"}],"wp:featuredmedia":[{"embeddable":true,"href":"https:\/\/gastro-oprema.si\/sl\/wp-json\/wp\/v2\/media\/14407"}],"wp:attachment":[{"href":"https:\/\/gastro-oprema.si\/sl\/wp-json\/wp\/v2\/media?parent=14405"}],"wp:term":[{"taxonomy":"product_brand","embeddable":true,"href":"https:\/\/gastro-oprema.si\/sl\/wp-json\/wp\/v2\/product_brand?post=14405"},{"taxonomy":"product_cat","embeddable":true,"href":"https:\/\/gastro-oprema.si\/sl\/wp-json\/wp\/v2\/product_cat?post=14405"},{"taxonomy":"product_tag","embeddable":true,"href":"https:\/\/gastro-oprema.si\/sl\/wp-json\/wp\/v2\/product_tag?post=14405"}],"curies":[{"name":"wp","href":"https:\/\/api.w.org\/{rel}","templated":true}]}}