{"id":14353,"date":"2026-04-24T22:49:13","date_gmt":"2026-04-24T22:49:13","guid":{"rendered":"https:\/\/gastro-oprema.si\/product\/topline-freezer-counter-3-x-gn1-1-with-6-drawers-1795-x-700-mm\/"},"modified":"2026-05-05T14:58:48","modified_gmt":"2026-05-05T12:58:48","slug":"topline-freezer-counter-3-x-gn1-1-with-6-drawers-1795-x-700-mm","status":"publish","type":"product","link":"https:\/\/gastro-oprema.si\/sl\/izdelek\/topline-freezer-counter-3-x-gn1-1-with-6-drawers-1795-x-700-mm\/","title":{"rendered":"TOPLINE zamrzovalni pult \/ 3 x GN1\/1 s 6 predali, 1795 x 700 mm"},"content":{"rendered":"<p>These high-quality refrigeration units in the TOPLINE series offer particularly good product quality. The digital Dixell thermostat ensures optimum performance of the refrigeration unit, thus protecting the environment and reducing energy consumption. In addition, the products are supplied with deep-drawn side walls. This allows you to clean the units much more easily and insert additional grids or containers without incurring additional costs for extra accessories.<\/p>\n<h3>Oblikovanje<\/h3>\n<ul>\n<li><strong>6 drawers <\/strong><\/li>\n<li><strong>Temperature range: -15 to -20\u00b0C <\/strong><\/li>\n<li><strong>za GN 1\/1 posode, re\u0161etke itd. <\/strong><\/li>\n<li><strong>digital Dixell thermostat <\/strong>\n<ul>\n<li><strong>alarm function <\/strong><\/li>\n<li><strong>automatic fault diagnosis and display on the screen <\/strong><\/li>\n<\/ul>\n<\/li>\n<li>hlajenje s prisilnim zrakom<\/li>\n<li>samodejna funkcija odmrzovanja<\/li>\n<li>evaporator with epoxy anti-corrosion coating<\/li>\n<li>deep-drawn side walls<\/li>\n<li>samozapiralna vrata<\/li>\n<li>notranjost in zunanjost iz visokokakovostnega nerjave\u010dega jekla<\/li>\n<li>easily cleanable plug-in door gaskets<\/li>\n<li>automatic overheat protection<\/li>\n<li>vi\u0161insko nastavljive noge<\/li>\n<li>notranji vogali zaobljeni za la\u017eje \u010di\u0161\u010denje<\/li>\n<li><strong>drawers with full-extension telescopic rails by Compex <\/strong><\/li>\n<li>internal dimensions per drawer\n<ul>\n<li><strong>(W\/D\/H): 435 x 525 x 190 mm <\/strong><\/li>\n<li><strong>maximum load capacity of 35 kg <\/strong><\/li>\n<\/ul>\n<\/li>\n<\/ul>\n<h3>Podatki o hladilni zmogljivosti<\/h3>\n<ul>\n<li>Temperature range: -15 to -20\u00b0C<\/li>\n<li>maks. temperatura okolice: +30\u00b0C<\/li>\n<li>Hladilno sredstvo: R290<\/li>\n<li>Polyurethane insulation: 60 mm<\/li>\n<li>Klimatski razred: 4<\/li>\n<li>Gross capacity: 450 litres<\/li>\n<\/ul>","protected":false},"excerpt":{"rendered":"<ul>\n<li><strong>6 Drawers<\/strong><\/li>\n<li><strong>Temperature range: -15 to -20\u00b0C<\/strong><\/li>\n<li>za GN 1\/1 posode, re\u0161etke itd.<\/li>\n<li>digital Dixell thermostat<\/li>\n<li>Product dimensions (W x D x H): 1795 x 700 x 850 mm<\/li>\n<\/ul>","protected":false},"featured_media":14355,"template":"","meta":[],"product_brand":[],"product_cat":[106,97],"product_tag":[],"class_list":{"0":"post-14353","1":"product","2":"type-product","3":"status-publish","4":"has-post-thumbnail","6":"product_cat-freezer-counters","7":"product_cat-refrigeration","8":"pa_number-of-drawers-158","10":"first","11":"onbackorder","12":"taxable","13":"shipping-taxable","14":"purchasable","15":"product-type-simple"},"_links":{"self":[{"href":"https:\/\/gastro-oprema.si\/sl\/wp-json\/wp\/v2\/product\/14353","targetHints":{"allow":["GET"]}}],"collection":[{"href":"https:\/\/gastro-oprema.si\/sl\/wp-json\/wp\/v2\/product"}],"about":[{"href":"https:\/\/gastro-oprema.si\/sl\/wp-json\/wp\/v2\/types\/product"}],"version-history":[{"count":1,"href":"https:\/\/gastro-oprema.si\/sl\/wp-json\/wp\/v2\/product\/14353\/revisions"}],"predecessor-version":[{"id":14354,"href":"https:\/\/gastro-oprema.si\/sl\/wp-json\/wp\/v2\/product\/14353\/revisions\/14354"}],"wp:featuredmedia":[{"embeddable":true,"href":"https:\/\/gastro-oprema.si\/sl\/wp-json\/wp\/v2\/media\/14355"}],"wp:attachment":[{"href":"https:\/\/gastro-oprema.si\/sl\/wp-json\/wp\/v2\/media?parent=14353"}],"wp:term":[{"taxonomy":"product_brand","embeddable":true,"href":"https:\/\/gastro-oprema.si\/sl\/wp-json\/wp\/v2\/product_brand?post=14353"},{"taxonomy":"product_cat","embeddable":true,"href":"https:\/\/gastro-oprema.si\/sl\/wp-json\/wp\/v2\/product_cat?post=14353"},{"taxonomy":"product_tag","embeddable":true,"href":"https:\/\/gastro-oprema.si\/sl\/wp-json\/wp\/v2\/product_tag?post=14353"}],"curies":[{"name":"wp","href":"https:\/\/api.w.org\/{rel}","templated":true}]}}