{"id":13018,"date":"2026-04-24T22:33:01","date_gmt":"2026-04-24T22:33:01","guid":{"rendered":"https:\/\/gastro-oprema.si\/product\/electric-crepe-maker-2-plates-850-x-500-mm\/"},"modified":"2026-05-05T14:55:45","modified_gmt":"2026-05-05T12:55:45","slug":"electric-crepe-maker-2-plates-850-x-500-mm","status":"publish","type":"product","link":"https:\/\/gastro-oprema.si\/sl\/izdelek\/electric-crepe-maker-2-plates-850-x-500-mm\/","title":{"rendered":"Elektri\u010dni aparat za pala\u010dinke 2 plo\u0161\u010di, 850 x 500 mm"},"content":{"rendered":"<h3>Oblikovanje<\/h3>\n<ul>\n<li>Ohi\u0161je iz visokokakovostnega nerjave\u010dega jekla<\/li>\n<li>Diameter of cr\u00eape plate: 400 mm<\/li>\n<li>Cr\u00eape plate with Teflon coating<\/li>\n<li>Manual temperature control<\/li>\n<li>Temperature range:\u00a050-300\u00b0C<\/li>\n<li><strong>With operation indicator lights<\/strong><\/li>\n<li><strong>With practical drawer<\/strong><\/li>\n<li>Kompaktno in prostorsko var\u010dno<\/li>\n<li>Enostavno za \u010di\u0161\u010denje<\/li>\n<\/ul>\n<h3>Vklju\u010deno v dostavo<\/h3>\n<ul>\n<li>Wooden crepe spreader<\/li>\n<\/ul>","protected":false},"excerpt":{"rendered":"<ul>\n<li>Ohi\u0161je iz visokokakovostnega nerjave\u010dega jekla<\/li>\n<li><strong>Diameter of cr\u00eape plate: 400 mm<\/strong><\/li>\n<li><strong>Cr\u00eape plate with Teflon coating<\/strong><\/li>\n<li><strong>Temperature range:\u00a050<\/strong><strong>-300\u00b0C<\/strong><\/li>\n<li>Product dimensions (W x D x H): 850x500x228 mm<\/li>\n<\/ul>","protected":false},"featured_media":13020,"template":"","meta":[],"product_brand":[],"product_cat":[126,128],"product_tag":[],"class_list":{"0":"post-13018","1":"product","2":"type-product","3":"status-publish","4":"has-post-thumbnail","6":"product_cat-cooking-equipment","7":"product_cat-countertop","9":"first","10":"instock","11":"taxable","12":"shipping-taxable","13":"purchasable","14":"product-type-simple"},"_links":{"self":[{"href":"https:\/\/gastro-oprema.si\/sl\/wp-json\/wp\/v2\/product\/13018","targetHints":{"allow":["GET"]}}],"collection":[{"href":"https:\/\/gastro-oprema.si\/sl\/wp-json\/wp\/v2\/product"}],"about":[{"href":"https:\/\/gastro-oprema.si\/sl\/wp-json\/wp\/v2\/types\/product"}],"version-history":[{"count":1,"href":"https:\/\/gastro-oprema.si\/sl\/wp-json\/wp\/v2\/product\/13018\/revisions"}],"predecessor-version":[{"id":13019,"href":"https:\/\/gastro-oprema.si\/sl\/wp-json\/wp\/v2\/product\/13018\/revisions\/13019"}],"wp:featuredmedia":[{"embeddable":true,"href":"https:\/\/gastro-oprema.si\/sl\/wp-json\/wp\/v2\/media\/13020"}],"wp:attachment":[{"href":"https:\/\/gastro-oprema.si\/sl\/wp-json\/wp\/v2\/media?parent=13018"}],"wp:term":[{"taxonomy":"product_brand","embeddable":true,"href":"https:\/\/gastro-oprema.si\/sl\/wp-json\/wp\/v2\/product_brand?post=13018"},{"taxonomy":"product_cat","embeddable":true,"href":"https:\/\/gastro-oprema.si\/sl\/wp-json\/wp\/v2\/product_cat?post=13018"},{"taxonomy":"product_tag","embeddable":true,"href":"https:\/\/gastro-oprema.si\/sl\/wp-json\/wp\/v2\/product_tag?post=13018"}],"curies":[{"name":"wp","href":"https:\/\/api.w.org\/{rel}","templated":true}]}}