{"id":12843,"date":"2026-04-24T22:30:51","date_gmt":"2026-04-24T22:30:51","guid":{"rendered":"https:\/\/gastro-oprema.si\/product\/dough-mixer-fixed-bowl-40-litres-400-volt-2-speeds-480-x-878-mm\/"},"modified":"2026-05-05T14:55:41","modified_gmt":"2026-05-05T12:55:41","slug":"dough-mixer-fixed-bowl-40-litres-400-volt-2-speeds-480-x-878-mm","status":"publish","type":"product","link":"https:\/\/gastro-oprema.si\/sl\/izdelek\/dough-mixer-fixed-bowl-40-litres-400-volt-2-speeds-480-x-878-mm\/","title":{"rendered":"Me\u0161alnik testa s fiksno posodo \u2013 40 litrov \/ 400 voltov \/ 2 hitrosti, 480 x 878 mm"},"content":{"rendered":"<h3>Oblikovanje<\/h3>\n<ul>\n<li><strong>Me\u0161alnik za testo s fiksno posodo<\/strong><\/li>\n<li><strong>Posoda, kavelj za testo, lomilec testa in varnostna za\u0161\u010dita iz visokokakovostnega nerjave\u010dega jekla<\/strong><\/li>\n<li>2 speeds: 90 + 135 rpm<\/li>\n<li><strong>Bowl volume: 40 litres<\/strong><\/li>\n<li><strong>max. dough capacity: 15 kg<\/strong><\/li>\n<li>Bowl diameter: 45 cm<\/li>\n<li>Bowl height: 26 cm<\/li>\n<li>Bowl material thickness: 1.8 mm<\/li>\n<li>robustna konstrukcija<\/li>\n<li>4 rubber feet for stable positioning<\/li>\n<li>ideal for preparing pizza dough<\/li>\n<\/ul>\n<h3>Note: Commissioning of this device must be carried out by a certified specialist company!<\/h3>","protected":false},"excerpt":{"rendered":"<ul>\n<li>Bowl volume: 40 litres<\/li>\n<li>max. dough capacity: 15 kg<\/li>\n<li>2 speeds: 90 + 135 rpm<\/li>\n<li>Connection: 400 V \/ 50 Hz<\/li>\n<li>Product dimensions (WxDxH): 480 x 878 x 755 mm<\/li>\n<\/ul>","protected":false},"featured_media":12845,"template":"","meta":[],"product_brand":[],"product_cat":[134,133],"product_tag":[],"class_list":{"0":"post-12843","1":"product","2":"type-product","3":"status-publish","4":"has-post-thumbnail","6":"product_cat-dough-equipment","7":"product_cat-pizza-grill","9":"first","10":"instock","11":"taxable","12":"shipping-taxable","13":"purchasable","14":"product-type-simple"},"_links":{"self":[{"href":"https:\/\/gastro-oprema.si\/sl\/wp-json\/wp\/v2\/product\/12843","targetHints":{"allow":["GET"]}}],"collection":[{"href":"https:\/\/gastro-oprema.si\/sl\/wp-json\/wp\/v2\/product"}],"about":[{"href":"https:\/\/gastro-oprema.si\/sl\/wp-json\/wp\/v2\/types\/product"}],"version-history":[{"count":1,"href":"https:\/\/gastro-oprema.si\/sl\/wp-json\/wp\/v2\/product\/12843\/revisions"}],"predecessor-version":[{"id":12844,"href":"https:\/\/gastro-oprema.si\/sl\/wp-json\/wp\/v2\/product\/12843\/revisions\/12844"}],"wp:featuredmedia":[{"embeddable":true,"href":"https:\/\/gastro-oprema.si\/sl\/wp-json\/wp\/v2\/media\/12845"}],"wp:attachment":[{"href":"https:\/\/gastro-oprema.si\/sl\/wp-json\/wp\/v2\/media?parent=12843"}],"wp:term":[{"taxonomy":"product_brand","embeddable":true,"href":"https:\/\/gastro-oprema.si\/sl\/wp-json\/wp\/v2\/product_brand?post=12843"},{"taxonomy":"product_cat","embeddable":true,"href":"https:\/\/gastro-oprema.si\/sl\/wp-json\/wp\/v2\/product_cat?post=12843"},{"taxonomy":"product_tag","embeddable":true,"href":"https:\/\/gastro-oprema.si\/sl\/wp-json\/wp\/v2\/product_tag?post=12843"}],"curies":[{"name":"wp","href":"https:\/\/api.w.org\/{rel}","templated":true}]}}