{"id":12600,"date":"2026-04-24T22:27:04","date_gmt":"2026-04-24T22:27:04","guid":{"rendered":"https:\/\/gastro-oprema.si\/product\/beverage-refrigerator-290-liters-black-600-x-570-mm\/"},"modified":"2026-05-10T15:34:01","modified_gmt":"2026-05-10T13:34:01","slug":"beverage-refrigerator-290-liters-black-600-x-570-mm","status":"publish","type":"product","link":"https:\/\/gastro-oprema.si\/sl\/izdelek\/beverage-refrigerator-290-liters-black-600-x-570-mm\/","title":{"rendered":"Hladilnik za pija\u010de 290 litrov \u201c\u010drn\u201d, 600 x 570 mm"},"content":{"rendered":"<h3>Oblikovanje<\/h3>\n<ul>\n<li><strong>1 steklena vrata <\/strong><\/li>\n<li><strong>zunaj \u010drn &amp; znotraj bel <\/strong><\/li>\n<li><strong>Temperaturno obmo\u010dje: +2 do +8\u00b0C <\/strong><\/li>\n<li><strong>digitalni termostat <\/strong><\/li>\n<li>hlajenje s prisilnim zrakom<\/li>\n<li>LED notranja osvetlitev<\/li>\n<li>samozapiralna vrata z dvojnim steklom<\/li>\n<li>zaklenljivo<\/li>\n<li>zunanjost iz pra\u0161no lakiranega nerjave\u010dega jekla<\/li>\n<li>enostavno \u010distljive tesnila vrat za vti\u010d<\/li>\n<li>z 2 nogama &amp; 2 kolesoma<\/li>\n<li>zaobljeni notranji vogali za enostavno \u010di\u0161\u010denje<\/li>\n<li>Raven hrupa: 65-70 dB<\/li>\n<\/ul>\n<h3>Obseg dobave<\/h3>\n<ul>\n<li>4x police prevle\u010dene z rilsanom \/ \u0160xG: 510\u00d7383 mm<\/li>\n<\/ul>\n<h3>Informacije o hladilni zmogljivosti<\/h3>\n<ul>\n<li>Temperaturno obmo\u010dje: +2 do +8\u00b0C<\/li>\n<li>maks. temperatura okolice: +25\u00b0C<\/li>\n<li>Hladilno sredstvo: R600a<\/li>\n<li>Klimatski razred: 3<\/li>\n<li>Bruto prostornina: 289 litrov<\/li>\n<\/ul>","protected":false},"excerpt":{"rendered":"<ul>\n<li><strong>1 steklena vrata<\/strong><\/li>\n<li><strong>Temperaturno obmo\u010dje: +2 do +8\u00b0C<\/strong><\/li>\n<li>z LED osvetlitvijo\u00a0<\/li>\n<li>digitalni termostat<\/li>\n<li>Dimenzije izdelka (\u0160xGxV): 600x572x1640 mm<\/li>\n<\/ul>","protected":false},"featured_media":12602,"template":"","meta":[],"product_brand":[],"product_cat":[102,97],"product_tag":[],"class_list":{"0":"post-12600","1":"product","2":"type-product","3":"status-publish","4":"has-post-thumbnail","6":"product_cat-beverage","7":"product_cat-refrigeration","9":"first","10":"instock","11":"sale","12":"taxable","13":"shipping-taxable","14":"purchasable","15":"product-type-simple"},"_links":{"self":[{"href":"https:\/\/gastro-oprema.si\/sl\/wp-json\/wp\/v2\/product\/12600","targetHints":{"allow":["GET"]}}],"collection":[{"href":"https:\/\/gastro-oprema.si\/sl\/wp-json\/wp\/v2\/product"}],"about":[{"href":"https:\/\/gastro-oprema.si\/sl\/wp-json\/wp\/v2\/types\/product"}],"version-history":[{"count":1,"href":"https:\/\/gastro-oprema.si\/sl\/wp-json\/wp\/v2\/product\/12600\/revisions"}],"predecessor-version":[{"id":12601,"href":"https:\/\/gastro-oprema.si\/sl\/wp-json\/wp\/v2\/product\/12600\/revisions\/12601"}],"wp:featuredmedia":[{"embeddable":true,"href":"https:\/\/gastro-oprema.si\/sl\/wp-json\/wp\/v2\/media\/12602"}],"wp:attachment":[{"href":"https:\/\/gastro-oprema.si\/sl\/wp-json\/wp\/v2\/media?parent=12600"}],"wp:term":[{"taxonomy":"product_brand","embeddable":true,"href":"https:\/\/gastro-oprema.si\/sl\/wp-json\/wp\/v2\/product_brand?post=12600"},{"taxonomy":"product_cat","embeddable":true,"href":"https:\/\/gastro-oprema.si\/sl\/wp-json\/wp\/v2\/product_cat?post=12600"},{"taxonomy":"product_tag","embeddable":true,"href":"https:\/\/gastro-oprema.si\/sl\/wp-json\/wp\/v2\/product_tag?post=12600"}],"curies":[{"name":"wp","href":"https:\/\/api.w.org\/{rel}","templated":true}]}}