{"id":11543,"date":"2026-04-24T22:13:00","date_gmt":"2026-04-24T22:13:00","guid":{"rendered":"https:\/\/gastro-oprema.si\/product\/vegetable-cutter-incl-5-discs-246-x-614-mm\/"},"modified":"2026-05-05T14:54:40","modified_gmt":"2026-05-05T12:54:40","slug":"vegetable-cutter-incl-5-discs-246-x-614-mm","status":"publish","type":"product","link":"https:\/\/gastro-oprema.si\/sl\/izdelek\/vegetable-cutter-incl-5-discs-246-x-614-mm\/","title":{"rendered":"Rezalnik zelenjave vklj. 5 diskov, 246 x 614 mm"},"content":{"rendered":"<h3>Oblikovanje<\/h3>\n<ul>\n<li>incl. 2 slicing discs: 2 &#038; 4 mm\u00a0<\/li>\n<li>incl. 3 grating discs: 3, 4 &#038; 7 mm<\/li>\n<li>incl. ejection disc<\/li>\n<li><strong>Capacity per hour: max. 300 kg<\/strong><\/li>\n<li>zaobljeni vogali<\/li>\n<li>enostavno za \u010di\u0161\u010denje<\/li>\n<li>with rubber feet<\/li>\n<\/ul>","protected":false},"excerpt":{"rendered":"<ul>\n<li><strong>Incl. 2 slicing discs: 2 &#038; 4 mm\u00a0<\/strong><\/li>\n<li><strong>incl. 3 grating discs: 3, 4 &#038; 7 mm<\/strong><\/li>\n<li><strong>incl. ejection disc<\/strong><\/li>\n<li>Capacity per hour: max. 300 kg<\/li>\n<li>Product dimensions (WxDxH): 246x614x506 mm<\/li>\n<\/ul>","protected":false},"featured_media":11545,"template":"","meta":[],"product_brand":[],"product_cat":[137],"product_tag":[],"class_list":{"0":"post-11543","1":"product","2":"type-product","3":"status-publish","4":"has-post-thumbnail","6":"product_cat-food-prep-machines","8":"first","9":"onbackorder","10":"taxable","11":"shipping-taxable","12":"purchasable","13":"product-type-simple"},"_links":{"self":[{"href":"https:\/\/gastro-oprema.si\/sl\/wp-json\/wp\/v2\/product\/11543","targetHints":{"allow":["GET"]}}],"collection":[{"href":"https:\/\/gastro-oprema.si\/sl\/wp-json\/wp\/v2\/product"}],"about":[{"href":"https:\/\/gastro-oprema.si\/sl\/wp-json\/wp\/v2\/types\/product"}],"version-history":[{"count":1,"href":"https:\/\/gastro-oprema.si\/sl\/wp-json\/wp\/v2\/product\/11543\/revisions"}],"predecessor-version":[{"id":11544,"href":"https:\/\/gastro-oprema.si\/sl\/wp-json\/wp\/v2\/product\/11543\/revisions\/11544"}],"wp:featuredmedia":[{"embeddable":true,"href":"https:\/\/gastro-oprema.si\/sl\/wp-json\/wp\/v2\/media\/11545"}],"wp:attachment":[{"href":"https:\/\/gastro-oprema.si\/sl\/wp-json\/wp\/v2\/media?parent=11543"}],"wp:term":[{"taxonomy":"product_brand","embeddable":true,"href":"https:\/\/gastro-oprema.si\/sl\/wp-json\/wp\/v2\/product_brand?post=11543"},{"taxonomy":"product_cat","embeddable":true,"href":"https:\/\/gastro-oprema.si\/sl\/wp-json\/wp\/v2\/product_cat?post=11543"},{"taxonomy":"product_tag","embeddable":true,"href":"https:\/\/gastro-oprema.si\/sl\/wp-json\/wp\/v2\/product_tag?post=11543"}],"curies":[{"name":"wp","href":"https:\/\/api.w.org\/{rel}","templated":true}]}}