{"id":10073,"date":"2026-04-24T21:54:15","date_gmt":"2026-04-24T21:54:15","guid":{"rendered":"https:\/\/gastro-oprema.si\/product\/salad-prep-counter-2-section-with-hinged-lid-900-x-700-mm\/"},"modified":"2026-05-05T14:53:46","modified_gmt":"2026-05-05T12:53:46","slug":"salad-prep-counter-2-section-with-hinged-lid-900-x-700-mm","status":"publish","type":"product","link":"https:\/\/gastro-oprema.si\/sl\/izdelek\/salad-prep-counter-2-section-with-hinged-lid-900-x-700-mm\/","title":{"rendered":"Pult za pripravo solate \/ 2-delni s pokrovom na te\u010dajih, 900 x 700 mm"},"content":{"rendered":"<h3>Oblikovanje<\/h3>\n<ul>\n<li><strong>2 doors &#038; hinged lid <\/strong><\/li>\n<li><strong>Temperaturno obmo\u010dje: +2 do +8\u00b0C <\/strong><\/li>\n<li><strong>for GN 1\/1 containers, shelves, etc. <\/strong><\/li>\n<li><strong>digitalni termostat Carel <\/strong><\/li>\n<li>hinged stainless steel lid can be fixed in position<\/li>\n<li>cut-out for: 2x GN1\/1 &#038; 3x GN1\/6 containers<\/li>\n<li>polypropylene cutting board 900&#215;135 mm<\/li>\n<li>samozapiralna vrata<\/li>\n<li>notranjost in zunanjost iz visokokakovostnega nerjave\u010dega jekla<\/li>\n<li>enostavno \u010distljive vti\u010dne tesnila<\/li>\n<li>vi\u0161insko nastavljive noge<\/li>\n<li>zaobljeni notranji vogali za enostavno \u010di\u0161\u010denje<\/li>\n<\/ul>\n<h3>Vklju\u010deno v dostavo<\/h3>\n<ul>\n<li>1x rilsan-coated GN 1\/1 shelf per door<\/li>\n<li>dividers for GN containers: 2 x 534x37x9 mm, 2 x 322x21x9 mm, 2 x 189x45x9 mm<\/li>\n<\/ul>\n<h3>Podatki o hladilni zmogljivosti<\/h3>\n<ul>\n<li>Temperaturno obmo\u010dje: +2 do +8\u00b0C<\/li>\n<li>maks. temperatura okolice: +30\u00b0C<\/li>\n<li>Hladilno sredstvo: R600a<\/li>\n<li>Poliuretanska izolacija: 50 mm<\/li>\n<li>Klimatski razred: 4<\/li>\n<li>Gross capacity: 240 litres<\/li>\n<\/ul>","protected":false},"excerpt":{"rendered":"<ul>\n<li><strong>2 Doors &#038; hinged lid<\/strong><\/li>\n<li><strong>Temperaturno obmo\u010dje: +2 do +8\u00b0C<\/strong><\/li>\n<li>for 2x GN1\/1 &#038; 3x GN1\/6 containers<\/li>\n<li>stati\u010dno hlajenje<\/li>\n<li>Product dimensions (WxDxH): 900x700x850 mm<\/li>\n<\/ul>","protected":false},"featured_media":10075,"template":"","meta":[],"product_brand":[],"product_cat":[101,97],"product_tag":[],"class_list":{"0":"post-10073","1":"product","2":"type-product","3":"status-publish","4":"has-post-thumbnail","6":"product_cat-prep-counters","7":"product_cat-refrigeration","9":"first","10":"instock","11":"taxable","12":"shipping-taxable","13":"purchasable","14":"product-type-simple"},"_links":{"self":[{"href":"https:\/\/gastro-oprema.si\/sl\/wp-json\/wp\/v2\/product\/10073","targetHints":{"allow":["GET"]}}],"collection":[{"href":"https:\/\/gastro-oprema.si\/sl\/wp-json\/wp\/v2\/product"}],"about":[{"href":"https:\/\/gastro-oprema.si\/sl\/wp-json\/wp\/v2\/types\/product"}],"version-history":[{"count":1,"href":"https:\/\/gastro-oprema.si\/sl\/wp-json\/wp\/v2\/product\/10073\/revisions"}],"predecessor-version":[{"id":10074,"href":"https:\/\/gastro-oprema.si\/sl\/wp-json\/wp\/v2\/product\/10073\/revisions\/10074"}],"wp:featuredmedia":[{"embeddable":true,"href":"https:\/\/gastro-oprema.si\/sl\/wp-json\/wp\/v2\/media\/10075"}],"wp:attachment":[{"href":"https:\/\/gastro-oprema.si\/sl\/wp-json\/wp\/v2\/media?parent=10073"}],"wp:term":[{"taxonomy":"product_brand","embeddable":true,"href":"https:\/\/gastro-oprema.si\/sl\/wp-json\/wp\/v2\/product_brand?post=10073"},{"taxonomy":"product_cat","embeddable":true,"href":"https:\/\/gastro-oprema.si\/sl\/wp-json\/wp\/v2\/product_cat?post=10073"},{"taxonomy":"product_tag","embeddable":true,"href":"https:\/\/gastro-oprema.si\/sl\/wp-json\/wp\/v2\/product_tag?post=10073"}],"curies":[{"name":"wp","href":"https:\/\/api.w.org\/{rel}","templated":true}]}}